{"id":87,"date":"2024-07-01T11:33:48","date_gmt":"2024-07-01T09:33:48","guid":{"rendered":"https:\/\/clgbalzacnemours.fr\/?page_id=87"},"modified":"2025-08-28T13:04:08","modified_gmt":"2025-08-28T11:04:08","slug":"documents-en-telechargement","status":"publish","type":"page","link":"https:\/\/clgbalzacnemours.fr\/?page_id=87","title":{"rendered":"Documents en t\u00e9l\u00e9chargement"},"content":{"rendered":"\n<p>Les documents ci-dessous sont disponibles en t\u00e9l\u00e9chargement au format pdf :<\/p>\n\n\n\n<div class=\"wp-block-columns is-layout-flex wp-container-core-columns-is-layout-9d6595d7 wp-block-columns-is-layout-flex\">\n<div class=\"wp-block-column is-layout-flow wp-block-column-is-layout-flow\">\n<p><strong>Vie de l&rsquo;\u00e9l\u00e8ve <\/strong>:<\/p>\n\n\n\n<p><a href=\"https:\/\/clgbalzacnemours.fr\/wp-content\/uploads\/2024\/07\/Reglement-interieur-2024-25.pdf\">R\u00e8glement int\u00e9rieur (\u00e9dition 2024-25)<\/a><\/p>\n\n\n\n<p><a href=\"https:\/\/clgbalzacnemours.fr\/wp-content\/uploads\/2024\/07\/MISE-EN-GARDE-RESEAUX-SOCIAUX.pdf\">Mise en garde sur l&rsquo;utilisation d&rsquo;Internet et des r\u00e9seaux sociaux<\/a><\/p>\n\n\n\n<p><a href=\"https:\/\/clgbalzacnemours.fr\/wp-content\/uploads\/2025\/07\/convention-de-stage-3e_finalisee-2.pdf\">Convention de stage &#8211; novembre 2025 <strong><mark style=\"background-color:rgba(0, 0, 0, 0)\" class=\"has-inline-color has-contrast-color\">NOUVEAU<\/mark><\/strong><\/a><\/p>\n<\/div>\n\n\n\n<div class=\"wp-block-column is-layout-flow wp-block-column-is-layout-flow\">\n<p><strong>Secr\u00e9tariat et intendance<\/strong> :<\/p>\n\n\n\n<p><a href=\"https:\/\/clgbalzacnemours.fr\/wp-content\/uploads\/2024\/07\/demande-de-bourse.pdf\" data-type=\"link\" data-id=\"https:\/\/clgbalzacnemours.fr\/wp-content\/uploads\/2024\/07\/demande-de-bourse.pdf\" target=\"_blank\" rel=\"noreferrer noopener\">Demande de bourse 2024-25<\/a><\/p>\n\n\n\n<p><a href=\"https:\/\/clgbalzacnemours.fr\/wp-content\/uploads\/2025\/08\/Reglement-de-la-restauration-scolaire.pdf\">R\u00e8glement de la restauration scolaire <strong><mark style=\"background-color:rgba(0, 0, 0, 0)\" class=\"has-inline-color has-contrast-color\">NOUVEAU<\/mark><\/strong><\/a><\/p>\n\n\n\n<p><a href=\"https:\/\/clgbalzacnemours.fr\/wp-content\/uploads\/2025\/08\/Deliberation-2-05-CD-du-20-juin-2025.pdf\">Tarifs et r\u00e8gles de gestion de la Restauration scolaire pour l&rsquo;ann\u00e9e 2025-2026 <mark style=\"background-color:rgba(0, 0, 0, 0)\" class=\"has-inline-color has-contrast-color\"><strong>NOUVEAU<\/strong><\/mark><\/a><\/p>\n<\/div>\n<\/div>\n\n\n\n<p><\/p>\n","protected":false},"excerpt":{"rendered":"<p>Les documents ci-dessous sont disponibles en t\u00e9l\u00e9chargement au format pdf : Vie de l&rsquo;\u00e9l\u00e8ve : R\u00e8glement int\u00e9rieur (\u00e9dition 2024-25) Mise en garde sur l&rsquo;utilisation d&rsquo;Internet et des r\u00e9seaux sociaux Convention de stage &#8211; novembre 2025 NOUVEAU Secr\u00e9tariat et intendance : Demande de bourse 2024-25 R\u00e8glement de la restauration scolaire NOUVEAU Tarifs et r\u00e8gles de gestion &#8230; <a title=\"Documents en t\u00e9l\u00e9chargement\" class=\"read-more\" href=\"https:\/\/clgbalzacnemours.fr\/?page_id=87\" aria-label=\"En savoir plus sur Documents en t\u00e9l\u00e9chargement\">Lire la suite<\/a><\/p>\n","protected":false},"author":1,"featured_media":0,"parent":44,"menu_order":0,"comment_status":"closed","ping_status":"closed","template":"","meta":{"episode_type":"","audio_file":"","cover_image":"","cover_image_id":"","duration":"","filesize":"","filesize_raw":"","date_recorded":"","explicit":"","block":"","itunes_episode_number":"","itunes_title":"","itunes_season_number":"","itunes_episode_type":"","_mc_calendar":[],"footnotes":""},"class_list":["post-87","page","type-page","status-publish"],"yoast_head":"<!-- This site is optimized with the Yoast SEO plugin v27.4 - https:\/\/yoast.com\/product\/yoast-seo-wordpress\/ -->\n<title>Documents en t\u00e9l\u00e9chargement - Coll\u00e8ge Honor\u00e9 de Balzac, NEMOURS (77)<\/title>\n<meta name=\"robots\" content=\"index, follow, max-snippet:-1, max-image-preview:large, max-video-preview:-1\" \/>\n<link rel=\"canonical\" href=\"https:\/\/clgbalzacnemours.fr\/?page_id=87\" \/>\n<meta property=\"og:locale\" content=\"fr_FR\" \/>\n<meta property=\"og:type\" content=\"article\" \/>\n<meta property=\"og:title\" content=\"Documents en t\u00e9l\u00e9chargement - Coll\u00e8ge Honor\u00e9 de Balzac, NEMOURS (77)\" \/>\n<meta property=\"og:description\" content=\"Les documents ci-dessous sont disponibles en t\u00e9l\u00e9chargement au format pdf : Vie de l&rsquo;\u00e9l\u00e8ve : R\u00e8glement int\u00e9rieur (\u00e9dition 2024-25) Mise en garde sur l&rsquo;utilisation d&rsquo;Internet et des r\u00e9seaux sociaux Convention de stage &#8211; novembre 2025 NOUVEAU Secr\u00e9tariat et intendance : Demande de bourse 2024-25 R\u00e8glement de la restauration scolaire NOUVEAU Tarifs et r\u00e8gles de gestion ... Lire la suite\" \/>\n<meta property=\"og:url\" content=\"https:\/\/clgbalzacnemours.fr\/?page_id=87\" \/>\n<meta property=\"og:site_name\" content=\"Coll\u00e8ge Honor\u00e9 de Balzac, NEMOURS (77)\" \/>\n<meta property=\"article:modified_time\" content=\"2025-08-28T11:04:08+00:00\" \/>\n<meta name=\"twitter:card\" content=\"summary_large_image\" \/>\n<meta name=\"twitter:label1\" content=\"Dur\u00e9e de lecture estim\u00e9e\" \/>\n\t<meta name=\"twitter:data1\" content=\"1 minute\" \/>\n<script type=\"application\/ld+json\" class=\"yoast-schema-graph\">{\"@context\":\"https:\\\/\\\/schema.org\",\"@graph\":[{\"@type\":\"WebPage\",\"@id\":\"https:\\\/\\\/clgbalzacnemours.fr\\\/?page_id=87\",\"url\":\"https:\\\/\\\/clgbalzacnemours.fr\\\/?page_id=87\",\"name\":\"Documents en t\u00e9l\u00e9chargement - Coll\u00e8ge Honor\u00e9 de Balzac, NEMOURS (77)\",\"isPartOf\":{\"@id\":\"https:\\\/\\\/clgbalzacnemours.fr\\\/#website\"},\"datePublished\":\"2024-07-01T09:33:48+00:00\",\"dateModified\":\"2025-08-28T11:04:08+00:00\",\"breadcrumb\":{\"@id\":\"https:\\\/\\\/clgbalzacnemours.fr\\\/?page_id=87#breadcrumb\"},\"inLanguage\":\"fr-FR\",\"potentialAction\":[{\"@type\":\"ReadAction\",\"target\":[\"https:\\\/\\\/clgbalzacnemours.fr\\\/?page_id=87\"]}]},{\"@type\":\"BreadcrumbList\",\"@id\":\"https:\\\/\\\/clgbalzacnemours.fr\\\/?page_id=87#breadcrumb\",\"itemListElement\":[{\"@type\":\"ListItem\",\"position\":1,\"name\":\"Accueil\",\"item\":\"https:\\\/\\\/clgbalzacnemours.fr\\\/\"},{\"@type\":\"ListItem\",\"position\":2,\"name\":\"Administration\",\"item\":\"https:\\\/\\\/clgbalzacnemours.fr\\\/?page_id=44\"},{\"@type\":\"ListItem\",\"position\":3,\"name\":\"Documents en t\u00e9l\u00e9chargement\"}]},{\"@type\":\"WebSite\",\"@id\":\"https:\\\/\\\/clgbalzacnemours.fr\\\/#website\",\"url\":\"https:\\\/\\\/clgbalzacnemours.fr\\\/\",\"name\":\"Coll\u00e8ge Honor\u00e9 de Balzac, NEMOURS (77)\",\"description\":\"Etablissement en R\u00e9seau d&#039;Education Prioritaire\",\"publisher\":{\"@id\":\"https:\\\/\\\/clgbalzacnemours.fr\\\/#organization\"},\"potentialAction\":[{\"@type\":\"SearchAction\",\"target\":{\"@type\":\"EntryPoint\",\"urlTemplate\":\"https:\\\/\\\/clgbalzacnemours.fr\\\/?s={search_term_string}\"},\"query-input\":{\"@type\":\"PropertyValueSpecification\",\"valueRequired\":true,\"valueName\":\"search_term_string\"}}],\"inLanguage\":\"fr-FR\"},{\"@type\":\"Organization\",\"@id\":\"https:\\\/\\\/clgbalzacnemours.fr\\\/#organization\",\"name\":\"Coll\u00e8ge Honor\u00e9 de Balzac, NEMOURS (77)\",\"url\":\"https:\\\/\\\/clgbalzacnemours.fr\\\/\",\"logo\":{\"@type\":\"ImageObject\",\"inLanguage\":\"fr-FR\",\"@id\":\"https:\\\/\\\/clgbalzacnemours.fr\\\/#\\\/schema\\\/logo\\\/image\\\/\",\"url\":\"https:\\\/\\\/clgbalzacnemours.fr\\\/wp-content\\\/uploads\\\/2024\\\/06\\\/cropped-cropped-LOGO-BALZAC.jpg\",\"contentUrl\":\"https:\\\/\\\/clgbalzacnemours.fr\\\/wp-content\\\/uploads\\\/2024\\\/06\\\/cropped-cropped-LOGO-BALZAC.jpg\",\"width\":511,\"height\":511,\"caption\":\"Coll\u00e8ge Honor\u00e9 de Balzac, NEMOURS (77)\"},\"image\":{\"@id\":\"https:\\\/\\\/clgbalzacnemours.fr\\\/#\\\/schema\\\/logo\\\/image\\\/\"}}]}<\/script>\n<!-- \/ Yoast SEO plugin. -->","yoast_head_json":{"title":"Documents en t\u00e9l\u00e9chargement - Coll\u00e8ge Honor\u00e9 de Balzac, NEMOURS (77)","robots":{"index":"index","follow":"follow","max-snippet":"max-snippet:-1","max-image-preview":"max-image-preview:large","max-video-preview":"max-video-preview:-1"},"canonical":"https:\/\/clgbalzacnemours.fr\/?page_id=87","og_locale":"fr_FR","og_type":"article","og_title":"Documents en t\u00e9l\u00e9chargement - Coll\u00e8ge Honor\u00e9 de Balzac, NEMOURS (77)","og_description":"Les documents ci-dessous sont disponibles en t\u00e9l\u00e9chargement au format pdf : Vie de l&rsquo;\u00e9l\u00e8ve : R\u00e8glement int\u00e9rieur (\u00e9dition 2024-25) Mise en garde sur l&rsquo;utilisation d&rsquo;Internet et des r\u00e9seaux sociaux Convention de stage &#8211; novembre 2025 NOUVEAU Secr\u00e9tariat et intendance : Demande de bourse 2024-25 R\u00e8glement de la restauration scolaire NOUVEAU Tarifs et r\u00e8gles de gestion ... Lire la suite","og_url":"https:\/\/clgbalzacnemours.fr\/?page_id=87","og_site_name":"Coll\u00e8ge Honor\u00e9 de Balzac, NEMOURS (77)","article_modified_time":"2025-08-28T11:04:08+00:00","twitter_card":"summary_large_image","twitter_misc":{"Dur\u00e9e de lecture estim\u00e9e":"1 minute"},"schema":{"@context":"https:\/\/schema.org","@graph":[{"@type":"WebPage","@id":"https:\/\/clgbalzacnemours.fr\/?page_id=87","url":"https:\/\/clgbalzacnemours.fr\/?page_id=87","name":"Documents en t\u00e9l\u00e9chargement - Coll\u00e8ge Honor\u00e9 de Balzac, NEMOURS (77)","isPartOf":{"@id":"https:\/\/clgbalzacnemours.fr\/#website"},"datePublished":"2024-07-01T09:33:48+00:00","dateModified":"2025-08-28T11:04:08+00:00","breadcrumb":{"@id":"https:\/\/clgbalzacnemours.fr\/?page_id=87#breadcrumb"},"inLanguage":"fr-FR","potentialAction":[{"@type":"ReadAction","target":["https:\/\/clgbalzacnemours.fr\/?page_id=87"]}]},{"@type":"BreadcrumbList","@id":"https:\/\/clgbalzacnemours.fr\/?page_id=87#breadcrumb","itemListElement":[{"@type":"ListItem","position":1,"name":"Accueil","item":"https:\/\/clgbalzacnemours.fr\/"},{"@type":"ListItem","position":2,"name":"Administration","item":"https:\/\/clgbalzacnemours.fr\/?page_id=44"},{"@type":"ListItem","position":3,"name":"Documents en t\u00e9l\u00e9chargement"}]},{"@type":"WebSite","@id":"https:\/\/clgbalzacnemours.fr\/#website","url":"https:\/\/clgbalzacnemours.fr\/","name":"Coll\u00e8ge Honor\u00e9 de Balzac, NEMOURS (77)","description":"Etablissement en R\u00e9seau d&#039;Education Prioritaire","publisher":{"@id":"https:\/\/clgbalzacnemours.fr\/#organization"},"potentialAction":[{"@type":"SearchAction","target":{"@type":"EntryPoint","urlTemplate":"https:\/\/clgbalzacnemours.fr\/?s={search_term_string}"},"query-input":{"@type":"PropertyValueSpecification","valueRequired":true,"valueName":"search_term_string"}}],"inLanguage":"fr-FR"},{"@type":"Organization","@id":"https:\/\/clgbalzacnemours.fr\/#organization","name":"Coll\u00e8ge Honor\u00e9 de Balzac, NEMOURS (77)","url":"https:\/\/clgbalzacnemours.fr\/","logo":{"@type":"ImageObject","inLanguage":"fr-FR","@id":"https:\/\/clgbalzacnemours.fr\/#\/schema\/logo\/image\/","url":"https:\/\/clgbalzacnemours.fr\/wp-content\/uploads\/2024\/06\/cropped-cropped-LOGO-BALZAC.jpg","contentUrl":"https:\/\/clgbalzacnemours.fr\/wp-content\/uploads\/2024\/06\/cropped-cropped-LOGO-BALZAC.jpg","width":511,"height":511,"caption":"Coll\u00e8ge Honor\u00e9 de Balzac, NEMOURS (77)"},"image":{"@id":"https:\/\/clgbalzacnemours.fr\/#\/schema\/logo\/image\/"}}]}},"jetpack_sharing_enabled":true,"_links":{"self":[{"href":"https:\/\/clgbalzacnemours.fr\/index.php?rest_route=\/wp\/v2\/pages\/87","targetHints":{"allow":["GET"]}}],"collection":[{"href":"https:\/\/clgbalzacnemours.fr\/index.php?rest_route=\/wp\/v2\/pages"}],"about":[{"href":"https:\/\/clgbalzacnemours.fr\/index.php?rest_route=\/wp\/v2\/types\/page"}],"author":[{"embeddable":true,"href":"https:\/\/clgbalzacnemours.fr\/index.php?rest_route=\/wp\/v2\/users\/1"}],"replies":[{"embeddable":true,"href":"https:\/\/clgbalzacnemours.fr\/index.php?rest_route=%2Fwp%2Fv2%2Fcomments&post=87"}],"version-history":[{"count":5,"href":"https:\/\/clgbalzacnemours.fr\/index.php?rest_route=\/wp\/v2\/pages\/87\/revisions"}],"predecessor-version":[{"id":1013,"href":"https:\/\/clgbalzacnemours.fr\/index.php?rest_route=\/wp\/v2\/pages\/87\/revisions\/1013"}],"up":[{"embeddable":true,"href":"https:\/\/clgbalzacnemours.fr\/index.php?rest_route=\/wp\/v2\/pages\/44"}],"wp:attachment":[{"href":"https:\/\/clgbalzacnemours.fr\/index.php?rest_route=%2Fwp%2Fv2%2Fmedia&parent=87"}],"curies":[{"name":"wp","href":"https:\/\/api.w.org\/{rel}","templated":true}]}}